{"id":504,"date":"2011-11-24T09:43:56","date_gmt":"2011-11-24T12:43:56","guid":{"rendered":"https:\/\/ciclovida.ufpr.br\/?page_id=504"},"modified":"2021-04-16T14:16:39","modified_gmt":"2021-04-16T17:16:39","slug":"simulador","status":"publish","type":"page","link":"https:\/\/ciclovida.ufpr.br\/?page_id=504","title":{"rendered":"Simulador"},"content":{"rendered":"<div class=\"pagina-simulador\">\n<div class=\"parte1\">\n<h1>Simulador de Vantagens da Mobilidade Ativa<\/h1>\n<div class=\"align-center\">\n<img decoding=\"async\" src=\"https:\/\/ciclovida.ufpr.br\/wp-content\/uploads\/2020\/12\/cat-5460593_1920-3.png\"><\/div>\n<p>Voc\u00ea poder\u00e1 calcular quantas <b>calorias<\/b> perder\u00e1, quantos quilos de <b>gases poluentes<\/b> deixar\u00e3o de ser jogados na atmosfera e quanto voc\u00ea <b>economizar\u00e1<\/b> indo trabalhar ou estudar de bicicleta.<\/p>\n<p>Vamos Come\u00e7ar?<\/p>\n<\/div>\n<div class=\"simulador\">\n<form name=\"form1\">\n<p><strong>QUAL A DIST\u00c2NCIA (EM KM) DA SUA CASA AT\u00c9 O TRABALHO\/FACULDADE?<\/strong><br \/>\n<input maxlength=\"5\" name=\"v1\" size=\"5\" type=\"text\" value=\"0\"><\/p>\n<p><strong>QUANTAS VEZES POR SEMANA VOC\u00ca PRETENDE USAR A BICICLETA?<\/strong><br \/>\n<input maxlength=\"1\" name=\"v2\" size=\"5\" type=\"text\" value=\"0\" class=\"input-simulador\"><br \/>\n<strong>INSIRA O PRE\u00c7O DA GASOLINA NA SUA CIDADE (R$):<\/strong><br \/>\n<input maxlength=\"4\" name=\"gasolina\" size=\"5\" type=\"text\" value=\"5,09\" class=\"input-simulador\"><\/p>\n<p><strong>INSIRA O PRE\u00c7O DA PASSAGEM DE \u00d4NIBUS NA SUA CIDADE (R$):<\/strong><br \/>\n<input maxlength=\"4\" name=\"onibus\" size=\"5\" type=\"text\" value=\"4,50\" class=\"input-simulador\"><br \/>\n<a onclick =\"calc()\" class=\"button-calcular-simulador\">Simule agora<\/a><\/div>\n<div class=\"parte3\">\n<table class= \"tabela-resultados\">\n<tbody>\n<tr>\n<th>BENEF\u00cdCIOS DO USO DA BICICLETA EM RELA\u00c7\u00c3O A CARRO E \u00d4NIBUS<\/th>\n<th align=\"center\">POR M\u00caS<\/th>\n<th align=\"center\">POR ANO<\/th>\n<\/tr>\n<tr>\n<td>N\u00famero m\u00e9dio de calorias que voc\u00ea queimaria com este feito:<\/td>\n<td align=\"center\"><input style=\"text-align: center;\" name=\"m1\" readonly=\"readonly\" size=\"16\" type=\"text\" value=\"\"><\/td>\n<td align=\"center\"><input style=\"text-align: center;\" name=\"a1\" readonly=\"readonly\" size=\"16\" type=\"text\" value=\"\"><\/td>\n<\/tr>\n<tr>\n<td>M\u00e9dia de quilos de gases poluentes que seriam evitados:<\/td>\n<td align=\"center\"><input style=\"text-align: center;\" name=\"m2\" readonly=\"readonly\" size=\"16\" type=\"text\" value=\"\"><\/td>\n<td align=\"center\"><input style=\"text-align: center;\" name=\"a2\" readonly=\"readonly\" size=\"16\" type=\"text\" value=\"\"><\/td>\n<\/tr>\n<tr>\n<td>Valor m\u00e9dio que voc\u00ea economizaria em combust\u00edvel:<\/td>\n<td align=\"center\"><input style=\"text-align: center;\" name=\"m3\" readonly=\"readonly\" size=\"16\" type=\"text\" value=\"\"><\/td>\n<td align=\"center\"><input style=\"text-align: center;\" name=\"a3\" readonly=\"readonly\" size=\"16\" type=\"text\" value=\"\"><\/td>\n<\/tr>\n<tr>\n<td>Gasto fixo com manuten\u00e7\u00e3o do carro (revis\u00e3o, \u00f3leo, seguro, IPVA, etc.):<\/td>\n<td align=\"center\"><input style=\"text-align: center;\" name=\"m4\" readonly=\"readonly\" size=\"16\" type=\"text\" value=\"\"><\/td>\n<td align=\"center\"><input style=\"text-align: center;\" name=\"a4\" readonly=\"readonly\" size=\"16\" type=\"text\" value=\"\"><\/td>\n<\/tr>\n<tr>\n<td>Valor m\u00e9dio que voc\u00ea economizaria (de \u00f4nibus):<\/td>\n<td align=\"center\"><input style=\"text-align: center;\" name=\"m5\" readonly=\"readonly\" size=\"16\" type=\"text\" value=\"\"><\/td>\n<td align=\"center\"><input style=\"text-align: center;\" name=\"a5\" readonly=\"readonly\" size=\"16\" type=\"text\" value=\"\"><\/td>\n<\/tr>\n<tr>\n<td>Tempo m\u00e9dio (por viagem) de deslocamento com a bicicleta (15 Km\/h):<\/td>\n<td colspan=\"2\" align=\"center\"><input style=\"text-align: center;\" name=\"m6\" readonly=\"readonly\" size=\"13\" type=\"text\" value=\"\"><\/td>\n<\/tr>\n<\/tbody>\n<\/table>\n<table class=\"tabela-resultados\" border=\"1\">\n<tbody>\n<tr>\n<td>Se 10% da comunidade motorizada da UFPR fizesse o mesmo que voc\u00ea, a economia anual seria de:<\/td>\n<td colspan=\"2\" align=\"center\"><input style=\"text-align: center;\" name=\"m7\" readonly=\"readonly\" size=\"22\" type=\"text\" value=\"\"><\/td>\n<\/tr>\n<tr>\n<td>&#8230;e quantidade de gases poluentes que deixariam de ser emitidos anualmente seria de:<\/td>\n<td colspan=\"2\" align=\"center\"><input style=\"text-align: center;\" name=\"m8\" readonly=\"readonly\" size=\"22\" type=\"text\" value=\"\"><\/td>\n<\/tr>\n<tr>\n<td>Se 10% dos Curitibanos motorizados fizessem o mesmo que voc\u00ea, a economia anual seria de:<\/td>\n<td colspan=\"2\" align=\"center\"><input style=\"text-align: center;\" name=\"m9\" readonly=\"readonly\" size=\"22\" type=\"text\" value=\"\"><\/td>\n<\/tr>\n<tr>\n<td>&#8230;e quantidade de gases poluentes que deixariam de ser emitidos anualmente seria de:<\/td>\n<td colspan=\"2\" align=\"center\"><input style=\"text-align: center;\" name=\"m10\" readonly=\"readonly\" size=\"22\" type=\"text\" value=\"\"><\/td>\n<\/tr>\n<\/tbody>\n<\/table>\n<table border=\"1\">\n<tbody>\n<tr>\n<td>OBS: Total estimado de ve\u00edculos em Curitiba:<\/td>\n<td colspan=\"2\" align=\"center\"><input style=\"text-align: center;\" name=\"m11\" readonly=\"readonly\" size=\"9\" type=\"text\" value=\"\"><\/td>\n<\/tr>\n<tr>\n<td>A URBS estima que somente 30% dos ve\u00edculos de Curitiba circulam todos os dias:<\/td>\n<td colspan=\"2\" align=\"center\"><input style=\"text-align: center;\" name=\"m12\" readonly=\"readonly\" size=\"9\" type=\"text\" value=\"\"><\/td>\n<\/tr>\n<\/tbody>\n<\/table>\n<\/form>\n<p>* Os c\u00e1lculos foram realizados considerando o total da comunidade universit\u00e1ria igual a 40.000 pessoas, sendo 1,7 habitantes por carro.<br \/>\n* Os c\u00e1lculos foram realizados considerando 1,7 habitantes por carro.<br \/>\n* Os c\u00e1lculos levam em considera\u00e7\u00e3o um carro movido a gasolina que fa\u00e7a 10Km por litro.<br \/>\n* S\u00e3o considerados como &#8220;gases poluentes&#8221; todos os gases nocivos emitidos pelo ve\u00edculo.<\/p>\n<\/div>\n<p><!-- FIM --><\/p>\n<\/div>\n","protected":false},"excerpt":{"rendered":"<p>Simulador de Vantagens da Mobilidade Ativa Voc\u00ea poder\u00e1 calcular quantas calorias perder\u00e1, quantos quilos de gases poluentes deixar\u00e3o de ser jogados na atmosfera e quanto voc\u00ea economizar\u00e1 indo trabalhar ou [&hellip;]<\/p>\n","protected":false},"author":1,"featured_media":0,"parent":0,"menu_order":0,"comment_status":"closed","ping_status":"closed","template":"template-gutentor-full-width.php","meta":{"_uag_custom_page_level_css":"","ngg_post_thumbnail":0,"footnotes":""},"class_list":["post-504","page","type-page","status-publish","hentry"],"featured_image_src":"","featured_image_src_square":false,"rbea_author_info":{"display_name":"ciclovida","author_link":"https:\/\/ciclovida.ufpr.br\/?author=1"},"rbea_excerpt_info":"Simulador de Vantagens da Mobilidade Ativa Voc\u00ea poder\u00e1 calcular quantas calorias perder\u00e1, quantos quilos de gases poluentes deixar\u00e3o de ser jogados na atmosfera e quanto voc\u00ea economizar\u00e1 indo trabalhar ou [&hellip;]","uagb_featured_image_src":{"full":false,"thumbnail":false,"medium":false,"medium_large":false,"large":false,"1536x1536":false,"2048x2048":false,"post-thumbnail":false,"twentytwenty-fullscreen":false},"uagb_author_info":{"display_name":"ciclovida","author_link":"https:\/\/ciclovida.ufpr.br\/?author=1"},"uagb_comment_info":5,"uagb_excerpt":"Simulador de Vantagens da Mobilidade Ativa Voc\u00ea poder\u00e1 calcular quantas calorias perder\u00e1, quantos quilos de gases poluentes deixar\u00e3o de ser jogados na atmosfera e quanto voc\u00ea economizar\u00e1 indo trabalhar ou [&hellip;]","wps_subtitle":"","_links":{"self":[{"href":"https:\/\/ciclovida.ufpr.br\/index.php?rest_route=\/wp\/v2\/pages\/504","targetHints":{"allow":["GET"]}}],"collection":[{"href":"https:\/\/ciclovida.ufpr.br\/index.php?rest_route=\/wp\/v2\/pages"}],"about":[{"href":"https:\/\/ciclovida.ufpr.br\/index.php?rest_route=\/wp\/v2\/types\/page"}],"author":[{"embeddable":true,"href":"https:\/\/ciclovida.ufpr.br\/index.php?rest_route=\/wp\/v2\/users\/1"}],"replies":[{"embeddable":true,"href":"https:\/\/ciclovida.ufpr.br\/index.php?rest_route=%2Fwp%2Fv2%2Fcomments&post=504"}],"version-history":[{"count":58,"href":"https:\/\/ciclovida.ufpr.br\/index.php?rest_route=\/wp\/v2\/pages\/504\/revisions"}],"predecessor-version":[{"id":5439,"href":"https:\/\/ciclovida.ufpr.br\/index.php?rest_route=\/wp\/v2\/pages\/504\/revisions\/5439"}],"wp:attachment":[{"href":"https:\/\/ciclovida.ufpr.br\/index.php?rest_route=%2Fwp%2Fv2%2Fmedia&parent=504"}],"curies":[{"name":"wp","href":"https:\/\/api.w.org\/{rel}","templated":true}]}}